{"id":4804,"date":"2024-04-20T11:03:16","date_gmt":"2024-04-20T14:03:16","guid":{"rendered":"https:\/\/tierradelfuegoaventura.com\/?post_type=product&#038;p=4804"},"modified":"2025-06-10T14:39:47","modified_gmt":"2025-06-10T17:39:47","slug":"ski-week","status":"publish","type":"product","link":"https:\/\/tierradelfuegoaventura.com\/en\/tienda\/paquetes-de-ski-en-cerro-castor\/ski-week\/","title":{"rendered":"Ski Week"},"content":{"rendered":"<p>Te recibimos en el aeropuerto con un c\u00e1lido &#8220;bienvenido al Fin del Mundo&#8221;, y un traslado c\u00f3modo hasta tu alojamiento. En el camino, te invitamos a un Meet &amp; Greet muy especial, donde vas a conocer no solo a nuestro equipo, sino tambi\u00e9n el alma de Ushuaia: su historia, sus paisajes y todas las experiencias \u00fanicas que te esperan.<\/p>\n<p>Cada d\u00eda de tu estad\u00eda te llevamos hasta Cerro Castor, el centro de esqu\u00ed m\u00e1s austral del mundo. Entre nieve, adrenalina y paisajes de postal, vas a vivir jornadas inolvidables, siempre con la tranquilidad de tener todo resuelto.<\/p>\n<p>Y cuando llegue el momento de partir, tambi\u00e9n estaremos ah\u00ed. Nuestro transfer te llevar\u00e1 de regreso al aeropuerto, con la mochila llena de recuerdos \u00e9picos, an\u00e9cdotas de nieve y una sonrisa que promete volver.<\/p>","protected":false},"excerpt":{"rendered":"<p>Te recibimos en el aeropuerto con un c\u00e1lido &#8220;bienvenido al Fin del Mundo&#8221;, y un traslado c\u00f3modo hasta tu alojamiento. En el camino, te invitamos a un Meet &amp; Greet muy especial, donde vas a conocer no solo a nuestro equipo, sino tambi\u00e9n el alma de Ushuaia: su historia, sus paisajes y todas las experiencias [&hellip;]<\/p>\n","protected":false},"featured_media":4847,"comment_status":"open","ping_status":"closed","template":"","meta":{"_jet_sm_ready_style":"","_jet_sm_style":"","_jet_sm_controls_values":"","_jet_sm_fonts_collection":"","_jet_sm_fonts_links":""},"product_brand":[],"product_cat":[121,22],"product_tag":[],"tarifario":[106],"destinos":[38],"temporada":[21],"class_list":{"0":"post-4804","1":"product","2":"type-product","3":"status-publish","4":"has-post-thumbnail","6":"product_cat-paquetes-de-ski-en-cerro-castor","7":"product_cat-ski-snowboard","8":"tarifario-ski-cerro-castor","9":"destinos-ushuaia","10":"temporada-invierno","12":"first","13":"instock","14":"product-type-simple"},"_links":{"self":[{"href":"https:\/\/tierradelfuegoaventura.com\/en\/wp-json\/wp\/v2\/product\/4804","targetHints":{"allow":["GET"]}}],"collection":[{"href":"https:\/\/tierradelfuegoaventura.com\/en\/wp-json\/wp\/v2\/product"}],"about":[{"href":"https:\/\/tierradelfuegoaventura.com\/en\/wp-json\/wp\/v2\/types\/product"}],"replies":[{"embeddable":true,"href":"https:\/\/tierradelfuegoaventura.com\/en\/wp-json\/wp\/v2\/comments?post=4804"}],"version-history":[{"count":6,"href":"https:\/\/tierradelfuegoaventura.com\/en\/wp-json\/wp\/v2\/product\/4804\/revisions"}],"predecessor-version":[{"id":12633,"href":"https:\/\/tierradelfuegoaventura.com\/en\/wp-json\/wp\/v2\/product\/4804\/revisions\/12633"}],"wp:featuredmedia":[{"embeddable":true,"href":"https:\/\/tierradelfuegoaventura.com\/en\/wp-json\/wp\/v2\/media\/4847"}],"wp:attachment":[{"href":"https:\/\/tierradelfuegoaventura.com\/en\/wp-json\/wp\/v2\/media?parent=4804"}],"wp:term":[{"taxonomy":"product_brand","embeddable":true,"href":"https:\/\/tierradelfuegoaventura.com\/en\/wp-json\/wp\/v2\/product_brand?post=4804"},{"taxonomy":"product_cat","embeddable":true,"href":"https:\/\/tierradelfuegoaventura.com\/en\/wp-json\/wp\/v2\/product_cat?post=4804"},{"taxonomy":"product_tag","embeddable":true,"href":"https:\/\/tierradelfuegoaventura.com\/en\/wp-json\/wp\/v2\/product_tag?post=4804"},{"taxonomy":"tarifario","embeddable":true,"href":"https:\/\/tierradelfuegoaventura.com\/en\/wp-json\/wp\/v2\/tarifario?post=4804"},{"taxonomy":"destinos","embeddable":true,"href":"https:\/\/tierradelfuegoaventura.com\/en\/wp-json\/wp\/v2\/destinos?post=4804"},{"taxonomy":"temporada","embeddable":true,"href":"https:\/\/tierradelfuegoaventura.com\/en\/wp-json\/wp\/v2\/temporada?post=4804"}],"curies":[{"name":"wp","href":"https:\/\/api.w.org\/{rel}","templated":true}]}}