{"id":4695,"date":"2024-04-19T20:48:13","date_gmt":"2024-04-19T23:48:13","guid":{"rendered":"https:\/\/tierradelfuegoaventura.com\/?post_type=product&#038;p=4695"},"modified":"2025-06-10T14:39:48","modified_gmt":"2025-06-10T17:39:48","slug":"mini-ski-week","status":"publish","type":"product","link":"https:\/\/tierradelfuegoaventura.com\/en\/tienda\/paquetes-de-ski-en-cerro-castor\/mini-ski-week\/","title":{"rendered":"Mini Ski Week"},"content":{"rendered":"<p>Te recibimos en el aeropuerto con un c\u00e1lido \u201cbienvenido al Fin del Mundo\u201d, y un traslado c\u00f3modo hasta tu alojamiento. En el camino, te invitamos a un Meet &amp; Greet muy especial, donde vas a conocer no solo a nuestro equipo, sino tambi\u00e9n el alma de Ushuaia: su historia, sus paisajes y todas las experiencias \u00fanicas que te esperan.<\/p>\n<p>Cada d\u00eda de tu estad\u00eda te llevamos hasta Cerro Castor, el centro de esqu\u00ed m\u00e1s austral del mundo. Entre nieve, adrenalina y paisajes de postal, vas a vivir jornadas inolvidables, siempre con la tranquilidad de tener todo resuelto.<\/p>\n<p>Y cuando llegue el momento de partir, tambi\u00e9n estaremos ah\u00ed. Nuestro transfer te llevar\u00e1 de regreso al aeropuerto, con la mochila llena de recuerdos \u00e9picos, an\u00e9cdotas de nieve y una sonrisa que promete volver.<\/p>","protected":false},"excerpt":{"rendered":"<p>Te recibimos en el aeropuerto con un c\u00e1lido \u201cbienvenido al Fin del Mundo\u201d, y un traslado c\u00f3modo hasta tu alojamiento. En el camino, te invitamos a un Meet &amp; Greet muy especial, donde vas a conocer no solo a nuestro equipo, sino tambi\u00e9n el alma de Ushuaia: su historia, sus paisajes y todas las experiencias [&hellip;]<\/p>\n","protected":false},"featured_media":4846,"comment_status":"open","ping_status":"closed","template":"","meta":{"_jet_sm_ready_style":"","_jet_sm_style":"","_jet_sm_controls_values":"","_jet_sm_fonts_collection":"","_jet_sm_fonts_links":""},"product_brand":[],"product_cat":[121,22],"product_tag":[],"tarifario":[106],"destinos":[38],"temporada":[21],"class_list":{"0":"post-4695","1":"product","2":"type-product","3":"status-publish","4":"has-post-thumbnail","6":"product_cat-paquetes-de-ski-en-cerro-castor","7":"product_cat-ski-snowboard","8":"tarifario-ski-cerro-castor","9":"destinos-ushuaia","10":"temporada-invierno","12":"first","13":"instock","14":"product-type-simple"},"_links":{"self":[{"href":"https:\/\/tierradelfuegoaventura.com\/en\/wp-json\/wp\/v2\/product\/4695","targetHints":{"allow":["GET"]}}],"collection":[{"href":"https:\/\/tierradelfuegoaventura.com\/en\/wp-json\/wp\/v2\/product"}],"about":[{"href":"https:\/\/tierradelfuegoaventura.com\/en\/wp-json\/wp\/v2\/types\/product"}],"replies":[{"embeddable":true,"href":"https:\/\/tierradelfuegoaventura.com\/en\/wp-json\/wp\/v2\/comments?post=4695"}],"version-history":[{"count":4,"href":"https:\/\/tierradelfuegoaventura.com\/en\/wp-json\/wp\/v2\/product\/4695\/revisions"}],"predecessor-version":[{"id":12634,"href":"https:\/\/tierradelfuegoaventura.com\/en\/wp-json\/wp\/v2\/product\/4695\/revisions\/12634"}],"wp:featuredmedia":[{"embeddable":true,"href":"https:\/\/tierradelfuegoaventura.com\/en\/wp-json\/wp\/v2\/media\/4846"}],"wp:attachment":[{"href":"https:\/\/tierradelfuegoaventura.com\/en\/wp-json\/wp\/v2\/media?parent=4695"}],"wp:term":[{"taxonomy":"product_brand","embeddable":true,"href":"https:\/\/tierradelfuegoaventura.com\/en\/wp-json\/wp\/v2\/product_brand?post=4695"},{"taxonomy":"product_cat","embeddable":true,"href":"https:\/\/tierradelfuegoaventura.com\/en\/wp-json\/wp\/v2\/product_cat?post=4695"},{"taxonomy":"product_tag","embeddable":true,"href":"https:\/\/tierradelfuegoaventura.com\/en\/wp-json\/wp\/v2\/product_tag?post=4695"},{"taxonomy":"tarifario","embeddable":true,"href":"https:\/\/tierradelfuegoaventura.com\/en\/wp-json\/wp\/v2\/tarifario?post=4695"},{"taxonomy":"destinos","embeddable":true,"href":"https:\/\/tierradelfuegoaventura.com\/en\/wp-json\/wp\/v2\/destinos?post=4695"},{"taxonomy":"temporada","embeddable":true,"href":"https:\/\/tierradelfuegoaventura.com\/en\/wp-json\/wp\/v2\/temporada?post=4695"}],"curies":[{"name":"wp","href":"https:\/\/api.w.org\/{rel}","templated":true}]}}