{"id":4286,"date":"2024-04-13T19:04:42","date_gmt":"2024-04-13T22:04:42","guid":{"rendered":"https:\/\/tierradelfuegoaventura.com\/?post_type=product&#038;p=4286"},"modified":"2024-10-13T16:20:07","modified_gmt":"2024-10-13T19:20:07","slug":"traslados-puerto","status":"publish","type":"product","link":"https:\/\/tierradelfuegoaventura.com\/en\/tienda\/traslados\/traslados-puerto\/","title":{"rendered":"Port Transfers"},"content":{"rendered":"<p>To guarantee safety and punctuality prior to Antarctic trips, we offer our personalized transfers. Together with a guide and driver, we will take care of luggage, check-in and travel papers. This will give our passengers peace of mind to enjoy their last hours in our beautiful city, since they will always be accompanied by our local and trained staff for any assistance needs.<\/p>","protected":false},"excerpt":{"rendered":"<p>Para garantizar seguridad y puntualidad previos a los viajes ant\u00e1rticos, ofrecemos nuestros traslados personalizados. Junto con gu\u00eda y chofer, nos encargaremos de los equipajes, check in y papeles de viaje. Esto le dar\u00e1 a nuestros pasajeros tranquilidad para poder disfrutar de sus \u00faltimas horas en nuestra hermosa ciudad, ya que se ver\u00e1n siempre acompa\u00f1ados de [&hellip;]<\/p>\n","protected":false},"featured_media":4598,"comment_status":"open","ping_status":"closed","template":"","meta":{"_jet_sm_ready_style":"","_jet_sm_style":"","_jet_sm_controls_values":"","_jet_sm_fonts_collection":"","_jet_sm_fonts_links":""},"product_brand":[],"product_cat":[78],"product_tag":[],"tarifario":[],"destinos":[38],"temporada":[20],"class_list":{"0":"post-4286","1":"product","2":"type-product","3":"status-publish","4":"has-post-thumbnail","6":"product_cat-traslados","7":"destinos-ushuaia","8":"temporada-todo-el-ano","10":"first","11":"instock","12":"product-type-simple"},"_links":{"self":[{"href":"https:\/\/tierradelfuegoaventura.com\/en\/wp-json\/wp\/v2\/product\/4286","targetHints":{"allow":["GET"]}}],"collection":[{"href":"https:\/\/tierradelfuegoaventura.com\/en\/wp-json\/wp\/v2\/product"}],"about":[{"href":"https:\/\/tierradelfuegoaventura.com\/en\/wp-json\/wp\/v2\/types\/product"}],"replies":[{"embeddable":true,"href":"https:\/\/tierradelfuegoaventura.com\/en\/wp-json\/wp\/v2\/comments?post=4286"}],"version-history":[{"count":1,"href":"https:\/\/tierradelfuegoaventura.com\/en\/wp-json\/wp\/v2\/product\/4286\/revisions"}],"predecessor-version":[{"id":6640,"href":"https:\/\/tierradelfuegoaventura.com\/en\/wp-json\/wp\/v2\/product\/4286\/revisions\/6640"}],"wp:featuredmedia":[{"embeddable":true,"href":"https:\/\/tierradelfuegoaventura.com\/en\/wp-json\/wp\/v2\/media\/4598"}],"wp:attachment":[{"href":"https:\/\/tierradelfuegoaventura.com\/en\/wp-json\/wp\/v2\/media?parent=4286"}],"wp:term":[{"taxonomy":"product_brand","embeddable":true,"href":"https:\/\/tierradelfuegoaventura.com\/en\/wp-json\/wp\/v2\/product_brand?post=4286"},{"taxonomy":"product_cat","embeddable":true,"href":"https:\/\/tierradelfuegoaventura.com\/en\/wp-json\/wp\/v2\/product_cat?post=4286"},{"taxonomy":"product_tag","embeddable":true,"href":"https:\/\/tierradelfuegoaventura.com\/en\/wp-json\/wp\/v2\/product_tag?post=4286"},{"taxonomy":"tarifario","embeddable":true,"href":"https:\/\/tierradelfuegoaventura.com\/en\/wp-json\/wp\/v2\/tarifario?post=4286"},{"taxonomy":"destinos","embeddable":true,"href":"https:\/\/tierradelfuegoaventura.com\/en\/wp-json\/wp\/v2\/destinos?post=4286"},{"taxonomy":"temporada","embeddable":true,"href":"https:\/\/tierradelfuegoaventura.com\/en\/wp-json\/wp\/v2\/temporada?post=4286"}],"curies":[{"name":"wp","href":"https:\/\/api.w.org\/{rel}","templated":true}]}}