{"id":4285,"date":"2024-04-13T19:03:52","date_gmt":"2024-04-13T22:03:52","guid":{"rendered":"https:\/\/tierradelfuegoaventura.com\/?post_type=product&#038;p=4285"},"modified":"2024-10-13T16:20:03","modified_gmt":"2024-10-13T19:20:03","slug":"traslados-muelle-turistico","status":"publish","type":"product","link":"https:\/\/tierradelfuegoaventura.com\/en\/tienda\/traslados\/traslados-muelle-turistico\/","title":{"rendered":"Transfers to Tourist Pier"},"content":{"rendered":"<p>Para garantizar seguridad y puntualidad ofrecemos traslados hacia y desde el muelle tur\u00edstico, desde y hacia cualquier punto de la ciudad.<br \/>\nNuestro equipo siempre est\u00e1 a disposici\u00f3n para que cada viaje sea personalizado y sin problemas de \u00faltimo momento.<\/p>\n<p>Es la mejor forma de trasladarse con tranquilidad, teniendo siempre un personal local en caso de necesitar cualquier tipo de asistencia.<\/p>","protected":false},"excerpt":{"rendered":"<p>Para garantizar seguridad y puntualidad ofrecemos traslados hacia y desde el muelle tur\u00edstico, desde y hacia cualquier punto de la ciudad. Nuestro equipo siempre est\u00e1 a disposici\u00f3n para que cada viaje sea personalizado y sin problemas de \u00faltimo momento. Es la mejor forma de trasladarse con tranquilidad, teniendo siempre un personal local en caso de [&hellip;]<\/p>\n","protected":false},"featured_media":4596,"comment_status":"open","ping_status":"closed","template":"","meta":{"_jet_sm_ready_style":"","_jet_sm_style":"","_jet_sm_controls_values":"","_jet_sm_fonts_collection":"","_jet_sm_fonts_links":""},"product_brand":[],"product_cat":[78],"product_tag":[],"tarifario":[],"destinos":[38],"temporada":[20],"class_list":{"0":"post-4285","1":"product","2":"type-product","3":"status-publish","4":"has-post-thumbnail","6":"product_cat-traslados","7":"destinos-ushuaia","8":"temporada-todo-el-ano","10":"first","11":"instock","12":"product-type-simple"},"_links":{"self":[{"href":"https:\/\/tierradelfuegoaventura.com\/en\/wp-json\/wp\/v2\/product\/4285","targetHints":{"allow":["GET"]}}],"collection":[{"href":"https:\/\/tierradelfuegoaventura.com\/en\/wp-json\/wp\/v2\/product"}],"about":[{"href":"https:\/\/tierradelfuegoaventura.com\/en\/wp-json\/wp\/v2\/types\/product"}],"replies":[{"embeddable":true,"href":"https:\/\/tierradelfuegoaventura.com\/en\/wp-json\/wp\/v2\/comments?post=4285"}],"version-history":[{"count":1,"href":"https:\/\/tierradelfuegoaventura.com\/en\/wp-json\/wp\/v2\/product\/4285\/revisions"}],"predecessor-version":[{"id":6639,"href":"https:\/\/tierradelfuegoaventura.com\/en\/wp-json\/wp\/v2\/product\/4285\/revisions\/6639"}],"wp:featuredmedia":[{"embeddable":true,"href":"https:\/\/tierradelfuegoaventura.com\/en\/wp-json\/wp\/v2\/media\/4596"}],"wp:attachment":[{"href":"https:\/\/tierradelfuegoaventura.com\/en\/wp-json\/wp\/v2\/media?parent=4285"}],"wp:term":[{"taxonomy":"product_brand","embeddable":true,"href":"https:\/\/tierradelfuegoaventura.com\/en\/wp-json\/wp\/v2\/product_brand?post=4285"},{"taxonomy":"product_cat","embeddable":true,"href":"https:\/\/tierradelfuegoaventura.com\/en\/wp-json\/wp\/v2\/product_cat?post=4285"},{"taxonomy":"product_tag","embeddable":true,"href":"https:\/\/tierradelfuegoaventura.com\/en\/wp-json\/wp\/v2\/product_tag?post=4285"},{"taxonomy":"tarifario","embeddable":true,"href":"https:\/\/tierradelfuegoaventura.com\/en\/wp-json\/wp\/v2\/tarifario?post=4285"},{"taxonomy":"destinos","embeddable":true,"href":"https:\/\/tierradelfuegoaventura.com\/en\/wp-json\/wp\/v2\/destinos?post=4285"},{"taxonomy":"temporada","embeddable":true,"href":"https:\/\/tierradelfuegoaventura.com\/en\/wp-json\/wp\/v2\/temporada?post=4285"}],"curies":[{"name":"wp","href":"https:\/\/api.w.org\/{rel}","templated":true}]}}