{"id":4284,"date":"2024-04-13T19:02:57","date_gmt":"2024-04-13T22:02:57","guid":{"rendered":"https:\/\/tierradelfuegoaventura.com\/?post_type=product&#038;p=4284"},"modified":"2025-04-15T15:01:15","modified_gmt":"2025-04-15T18:01:15","slug":"transfer-in-out","status":"publish","type":"product","link":"https:\/\/tierradelfuegoaventura.com\/en\/tienda\/traslados\/transfer-in-out\/","title":{"rendered":"Transfer In\/Out"},"content":{"rendered":"<p>Te esperaremos con nuestro gu\u00eda en el aeropuerto con un cartel con tu nombre y el kit de bienvenida y te llevaremos en nuestros veh\u00edculos acondicionados para que vos, tu familia y tus pertenencias tengan un viaje confortable hasta el hotel.<\/p>\n<p>Consejo: aprovecha la oportunidad para despejar todas las dudas que te hayan quedado con el gu\u00eda, que estar\u00e1 a tu disposici\u00f3n para afinar los \u00faltimos detalles para que tu estad\u00eda sea simplemente perfecta.<\/p>\n<p>Nuestro equipo se encargar\u00e1 de brindarte la bienvenida que te mereces, llev\u00e1ndote a conocer los puntos principales de la ciudad y tomar las primeras fotos panor\u00e1micas. El barrio Misi\u00f3n Alta, el cartel de Ushuaia, el muelle tur\u00edstico y el museo Mar\u00edtimo y del Presidio son los \u00edconos del Fin del Mundo que te mostraremos a tu llegada, entre otros, en un paseo de no m\u00e1s de 1 hora para luego llevarte a tu lugar de<br \/>\nalojamiento.<\/p>\n<p>Un d\u00eda antes de tu partida, coordinaremos el horario en el que te pasaremos a buscar por el alojamiento para llevarte a tiempo al aeropuerto.<\/p>\n<p>Es absolutamente necesario que siempre que haya un cambio en tu pasaje nos avises, a fin de brindarte un servicio a la altura de tus expectativas.<\/p>\n<p>Contamos con equipamiento e infraestructura propios para satisfacer las demandas y necesidades de nuestros clientes, garantizando as\u00ed la comodidad, seguridad y disponibilidad de los servicios en todo momento.<\/p>","protected":false},"excerpt":{"rendered":"<p>Te esperaremos con nuestro gu\u00eda en el aeropuerto con un cartel con tu nombre y el kit de bienvenida y te llevaremos en nuestros veh\u00edculos acondicionados para que vos, tu familia y tus pertenencias tengan un viaje confortable hasta el hotel. Consejo: aprovecha la oportunidad para despejar todas las dudas que te hayan quedado con [&hellip;]<\/p>\n","protected":false},"featured_media":4597,"comment_status":"open","ping_status":"closed","template":"","meta":{"_jet_sm_ready_style":"","_jet_sm_style":"","_jet_sm_controls_values":"","_jet_sm_fonts_collection":"","_jet_sm_fonts_links":""},"product_brand":[],"product_cat":[78],"product_tag":[],"tarifario":[],"destinos":[38],"temporada":[20],"class_list":{"0":"post-4284","1":"product","2":"type-product","3":"status-publish","4":"has-post-thumbnail","6":"product_cat-traslados","7":"destinos-ushuaia","8":"temporada-todo-el-ano","10":"first","11":"instock","12":"product-type-simple"},"_links":{"self":[{"href":"https:\/\/tierradelfuegoaventura.com\/en\/wp-json\/wp\/v2\/product\/4284","targetHints":{"allow":["GET"]}}],"collection":[{"href":"https:\/\/tierradelfuegoaventura.com\/en\/wp-json\/wp\/v2\/product"}],"about":[{"href":"https:\/\/tierradelfuegoaventura.com\/en\/wp-json\/wp\/v2\/types\/product"}],"replies":[{"embeddable":true,"href":"https:\/\/tierradelfuegoaventura.com\/en\/wp-json\/wp\/v2\/comments?post=4284"}],"version-history":[{"count":3,"href":"https:\/\/tierradelfuegoaventura.com\/en\/wp-json\/wp\/v2\/product\/4284\/revisions"}],"predecessor-version":[{"id":11484,"href":"https:\/\/tierradelfuegoaventura.com\/en\/wp-json\/wp\/v2\/product\/4284\/revisions\/11484"}],"wp:featuredmedia":[{"embeddable":true,"href":"https:\/\/tierradelfuegoaventura.com\/en\/wp-json\/wp\/v2\/media\/4597"}],"wp:attachment":[{"href":"https:\/\/tierradelfuegoaventura.com\/en\/wp-json\/wp\/v2\/media?parent=4284"}],"wp:term":[{"taxonomy":"product_brand","embeddable":true,"href":"https:\/\/tierradelfuegoaventura.com\/en\/wp-json\/wp\/v2\/product_brand?post=4284"},{"taxonomy":"product_cat","embeddable":true,"href":"https:\/\/tierradelfuegoaventura.com\/en\/wp-json\/wp\/v2\/product_cat?post=4284"},{"taxonomy":"product_tag","embeddable":true,"href":"https:\/\/tierradelfuegoaventura.com\/en\/wp-json\/wp\/v2\/product_tag?post=4284"},{"taxonomy":"tarifario","embeddable":true,"href":"https:\/\/tierradelfuegoaventura.com\/en\/wp-json\/wp\/v2\/tarifario?post=4284"},{"taxonomy":"destinos","embeddable":true,"href":"https:\/\/tierradelfuegoaventura.com\/en\/wp-json\/wp\/v2\/destinos?post=4284"},{"taxonomy":"temporada","embeddable":true,"href":"https:\/\/tierradelfuegoaventura.com\/en\/wp-json\/wp\/v2\/temporada?post=4284"}],"curies":[{"name":"wp","href":"https:\/\/api.w.org\/{rel}","templated":true}]}}