{"id":4163,"date":"2024-04-10T14:00:08","date_gmt":"2024-04-10T17:00:08","guid":{"rendered":"https:\/\/tierradelfuegoaventura.com\/?post_type=product&#038;p=4163"},"modified":"2025-05-29T10:01:31","modified_gmt":"2025-05-29T13:01:31","slug":"aventura-blanca","status":"publish","type":"product","link":"https:\/\/tierradelfuegoaventura.com\/en\/tienda\/experiencias-blancas\/aventura-blanca\/","title":{"rendered":"White adventure"},"content":{"rendered":"<p>Nuestra aventura comenzar\u00e1 con la partida desde el hotel con destino al valle Tierra Mayor. Llegaremos al Husky Park Ushuaia donde conoceremos la historia, el cuidado y el entrenamiento de los perros de trineo. Al finalizar la recorrida nos ubicaremos en los trineos, donde al grito de &#8220;\u00a1Siga!&#8221; comenzar\u00e1 la aventura. Nos deslizaremos por caminos nevados con paradas para tomar fotograf\u00edas. A continuaci\u00f3n realizaremos la traves\u00eda en motos de nieve, previamente se nos dar\u00e1n las instrucciones, nos colocaremos los cascos y arrancamos! El gu\u00eda nos marcar\u00e1 el camino, recorriendo el gran valle nevado y as\u00ed culminaremos un paseo de ensue\u00f1o\u2026Tambi\u00e9n realizaremos el abrazo Husky!! Donde podremos abrazar y tomarnos fotograf\u00edas con nuestros amigables perritos.<br \/>\nUpon returning to Husky Park, we'll replenish our energy with a warm cup of hot chocolate by the fireplace.<\/p>","protected":false},"excerpt":{"rendered":"<p>Nuestra aventura comenzar\u00e1 con la partida desde el hotel con destino al valle Tierra Mayor. Llegaremos al Husky Park Ushuaia donde conoceremos la historia, el cuidado y el entrenamiento de los perros de trineo. Al finalizar la recorrida nos ubicaremos en los trineos, donde al grito de &#8220;\u00a1Siga!&#8221; comenzar\u00e1 la aventura. Nos deslizaremos por caminos [&hellip;]<\/p>\n","protected":false},"featured_media":4208,"comment_status":"open","ping_status":"closed","template":"","meta":{"_jet_sm_ready_style":"","_jet_sm_style":"","_jet_sm_controls_values":"","_jet_sm_fonts_collection":"","_jet_sm_fonts_links":""},"product_brand":[],"product_cat":[120],"product_tag":[],"tarifario":[111],"destinos":[38],"temporada":[21],"class_list":{"0":"post-4163","1":"product","2":"type-product","3":"status-publish","4":"has-post-thumbnail","6":"product_cat-experiencias-blancas","7":"tarifario-excursiones-de-nieve-invierno","8":"destinos-ushuaia","9":"temporada-invierno","11":"first","12":"instock","13":"product-type-simple"},"_links":{"self":[{"href":"https:\/\/tierradelfuegoaventura.com\/en\/wp-json\/wp\/v2\/product\/4163","targetHints":{"allow":["GET"]}}],"collection":[{"href":"https:\/\/tierradelfuegoaventura.com\/en\/wp-json\/wp\/v2\/product"}],"about":[{"href":"https:\/\/tierradelfuegoaventura.com\/en\/wp-json\/wp\/v2\/types\/product"}],"replies":[{"embeddable":true,"href":"https:\/\/tierradelfuegoaventura.com\/en\/wp-json\/wp\/v2\/comments?post=4163"}],"version-history":[{"count":2,"href":"https:\/\/tierradelfuegoaventura.com\/en\/wp-json\/wp\/v2\/product\/4163\/revisions"}],"predecessor-version":[{"id":5852,"href":"https:\/\/tierradelfuegoaventura.com\/en\/wp-json\/wp\/v2\/product\/4163\/revisions\/5852"}],"wp:featuredmedia":[{"embeddable":true,"href":"https:\/\/tierradelfuegoaventura.com\/en\/wp-json\/wp\/v2\/media\/4208"}],"wp:attachment":[{"href":"https:\/\/tierradelfuegoaventura.com\/en\/wp-json\/wp\/v2\/media?parent=4163"}],"wp:term":[{"taxonomy":"product_brand","embeddable":true,"href":"https:\/\/tierradelfuegoaventura.com\/en\/wp-json\/wp\/v2\/product_brand?post=4163"},{"taxonomy":"product_cat","embeddable":true,"href":"https:\/\/tierradelfuegoaventura.com\/en\/wp-json\/wp\/v2\/product_cat?post=4163"},{"taxonomy":"product_tag","embeddable":true,"href":"https:\/\/tierradelfuegoaventura.com\/en\/wp-json\/wp\/v2\/product_tag?post=4163"},{"taxonomy":"tarifario","embeddable":true,"href":"https:\/\/tierradelfuegoaventura.com\/en\/wp-json\/wp\/v2\/tarifario?post=4163"},{"taxonomy":"destinos","embeddable":true,"href":"https:\/\/tierradelfuegoaventura.com\/en\/wp-json\/wp\/v2\/destinos?post=4163"},{"taxonomy":"temporada","embeddable":true,"href":"https:\/\/tierradelfuegoaventura.com\/en\/wp-json\/wp\/v2\/temporada?post=4163"}],"curies":[{"name":"wp","href":"https:\/\/api.w.org\/{rel}","templated":true}]}}