{"id":5668,"date":"2024-06-07T11:26:04","date_gmt":"2024-06-07T14:26:04","guid":{"rendered":"https:\/\/tierradelfuegoaventura.com\/?page_id=5668"},"modified":"2024-09-25T10:50:14","modified_gmt":"2024-09-25T13:50:14","slug":"registro-completo","status":"publish","type":"page","link":"https:\/\/tierradelfuegoaventura.com\/en\/registro-completo\/","title":{"rendered":"Registro completo"},"content":{"rendered":"<div data-elementor-type=\"wp-page\" data-elementor-id=\"5668\" class=\"elementor elementor-5668\" data-elementor-post-type=\"page\">\n\t\t\t\t<div class=\"elementor-element elementor-element-e51cf3a e-flex e-con-boxed e-con e-parent\" data-id=\"e51cf3a\" data-element_type=\"container\" data-e-type=\"container\" data-settings=\"{&quot;background_background&quot;:&quot;classic&quot;,&quot;jet_parallax_layout_list&quot;:[]}\">\n\t\t\t\t\t<div class=\"e-con-inner\">\n\t\t<div class=\"elementor-element elementor-element-2c855f1 e-con-full e-flex e-con e-child\" data-id=\"2c855f1\" data-element_type=\"container\" data-e-type=\"container\" data-settings=\"{&quot;background_background&quot;:&quot;classic&quot;,&quot;jet_parallax_layout_list&quot;:[]}\">\n\t\t<div data-dce-background-image-url=\"https:\/\/tierradelfuegoaventura.com\/wp-content\/uploads\/2024\/09\/bg-login-1.webp\" class=\"elementor-element elementor-element-a13cf42 e-con-full e-flex e-con e-child\" data-id=\"a13cf42\" data-element_type=\"container\" data-e-type=\"container\" data-settings=\"{&quot;background_background&quot;:&quot;classic&quot;,&quot;jet_parallax_layout_list&quot;:[]}\">\n\t\t\t\t<\/div>\n\t\t<div class=\"elementor-element elementor-element-7bb90a0 e-con-full e-flex e-con e-child\" data-id=\"7bb90a0\" data-element_type=\"container\" data-e-type=\"container\" data-settings=\"{&quot;jet_parallax_layout_list&quot;:[]}\">\n\t\t<div class=\"elementor-element elementor-element-7f9e00e e-con-full e-flex e-con e-child\" data-id=\"7f9e00e\" data-element_type=\"container\" data-e-type=\"container\" data-settings=\"{&quot;jet_parallax_layout_list&quot;:[]}\">\n\t\t\t\t<div class=\"elementor-element elementor-element-2218a41 elementor-widget__width-initial elementor-widget elementor-widget-heading\" data-id=\"2218a41\" data-element_type=\"widget\" data-e-type=\"widget\" data-widget_type=\"heading.default\">\n\t\t\t\t<div class=\"elementor-widget-container\">\n\t\t\t\t\t<h1 class=\"elementor-heading-title elementor-size-default\">\u00a1Est\u00e1s a un paso de algo incre\u00edble!<\/h1>\t\t\t\t<\/div>\n\t\t\t\t<\/div>\n\t\t\t\t<div class=\"elementor-element elementor-element-235998b elementor-widget elementor-widget-heading\" data-id=\"235998b\" data-element_type=\"widget\" data-e-type=\"widget\" data-widget_type=\"heading.default\">\n\t\t\t\t<div class=\"elementor-widget-container\">\n\t\t\t\t\t<p class=\"elementor-heading-title elementor-size-default\">Gracias por completar tu registro. En las pr\u00f3ximas horas, recibir\u00e1s un correo para validar tu cuenta y acceder a la plataforma, donde encontrar\u00e1s todas las herramientas que necesitas para potenciar tu negocio.<span style=\"background-color: var( --e-global-color-primary );color: var( --e-global-color-secondary )\"><\/span><\/p>\t\t\t\t<\/div>\n\t\t\t\t<\/div>\n\t\t\t\t<\/div>\n\t\t<div class=\"elementor-element elementor-element-88288e1 e-con-full e-flex e-con e-child\" data-id=\"88288e1\" data-element_type=\"container\" data-e-type=\"container\" data-settings=\"{&quot;jet_parallax_layout_list&quot;:[]}\">\n\t\t\t\t<div class=\"elementor-element elementor-element-6de917e elementor-widget__width-initial elementor-widget elementor-widget-heading\" data-id=\"6de917e\" data-element_type=\"widget\" data-e-type=\"widget\" data-widget_type=\"heading.default\">\n\t\t\t\t<div class=\"elementor-widget-container\">\n\t\t\t\t\t<p class=\"elementor-heading-title elementor-size-default\">\u00a1Tu pr\u00f3ximo gran paso est\u00e1 a punto de comenzar!<span style=\"background-color: var( --e-global-color-primary );color: var( --e-global-color-secondary )\"><\/span><\/p>\t\t\t\t<\/div>\n\t\t\t\t<\/div>\n\t\t\t\t<div class=\"elementor-element elementor-element-4a56565 elementor-widget__width-initial elementor-widget elementor-widget-heading\" data-id=\"4a56565\" data-element_type=\"widget\" data-e-type=\"widget\" data-widget_type=\"heading.default\">\n\t\t\t\t<div class=\"elementor-widget-container\">\n\t\t\t\t\t<p class=\"elementor-heading-title elementor-size-default\">Si necesitas asistencia, estamos a tu disposici\u00f3n para ayudarte en&nbsp;cada&nbsp;momento.<\/p>\t\t\t\t<\/div>\n\t\t\t\t<\/div>\n\t\t\t\t<div class=\"elementor-element elementor-element-053e338 elementor-widget elementor-widget-button\" data-id=\"053e338\" data-element_type=\"widget\" data-e-type=\"widget\" data-widget_type=\"button.default\">\n\t\t\t\t<div class=\"elementor-widget-container\">\n\t\t\t\t\t\t\t\t\t<div class=\"elementor-button-wrapper\">\n\t\t\t\t\t<a class=\"elementor-button elementor-button-link elementor-size-sm\" href=\"https:\/\/tierradelfuegoaventura.com\/en\/\">\n\t\t\t\t\t\t<span class=\"elementor-button-content-wrapper\">\n\t\t\t\t\t\t<span class=\"elementor-button-icon\">\n\t\t\t\t<svg aria-hidden=\"true\" class=\"e-font-icon-svg e-fas-home\" viewbox=\"0 0 576 512\" xmlns=\"http:\/\/www.w3.org\/2000\/svg\"><path d=\"M280.37 148.26L96 300.11V464a16 16 0 0 0 16 16l112.06-.29a16 16 0 0 0 15.92-16V368a16 16 0 0 1 16-16h64a16 16 0 0 1 16 16v95.64a16 16 0 0 0 16 16.05L464 480a16 16 0 0 0 16-16V300L295.67 148.26a12.19 12.19 0 0 0-15.3 0zM571.6 251.47L488 182.56V44.05a12 12 0 0 0-12-12h-56a12 12 0 0 0-12 12v72.61L318.47 43a48 48 0 0 0-61 0L4.34 251.47a12 12 0 0 0-1.6 16.9l25.5 31A12 12 0 0 0 45.15 301l235.22-193.74a12.19 12.19 0 0 1 15.3 0L530.9 301a12 12 0 0 0 16.9-1.6l25.5-31a12 12 0 0 0-1.7-16.93z\"><\/path><\/svg>\t\t\t<\/span>\n\t\t\t\t\t\t\t\t\t<span class=\"elementor-button-text\">Back<\/span>\n\t\t\t\t\t<\/span>\n\t\t\t\t\t<\/a>\n\t\t\t\t<\/div>\n\t\t\t\t\t\t\t\t<\/div>\n\t\t\t\t<\/div>\n\t\t\t\t<div class=\"elementor-element elementor-element-02e3102 elementor-widget elementor-widget-spacer\" data-id=\"02e3102\" data-element_type=\"widget\" data-e-type=\"widget\" data-widget_type=\"spacer.default\">\n\t\t\t\t<div class=\"elementor-widget-container\">\n\t\t\t\t\t\t\t<div class=\"elementor-spacer\">\n\t\t\t<div class=\"elementor-spacer-inner\"><\/div>\n\t\t<\/div>\n\t\t\t\t\t\t<\/div>\n\t\t\t\t<\/div>\n\t\t\t\t<div class=\"elementor-element elementor-element-f15f378 dce_masking-none elementor-widget elementor-widget-image\" data-id=\"f15f378\" data-element_type=\"widget\" data-e-type=\"widget\" data-widget_type=\"image.default\">\n\t\t\t\t<div class=\"elementor-widget-container\">\n\t\t\t\t\t\t\t\t\t\t\t\t\t\t\t<img decoding=\"async\" width=\"800\" height=\"39\" src=\"https:\/\/tierradelfuegoaventura.com\/wp-content\/uploads\/2024\/09\/logo-tdfa-lineal-1024x50.png\" class=\"attachment-large size-large wp-image-8706\" alt=\"\" srcset=\"https:\/\/tierradelfuegoaventura.com\/wp-content\/uploads\/2024\/09\/logo-tdfa-lineal-1024x50.png 1024w, https:\/\/tierradelfuegoaventura.com\/wp-content\/uploads\/2024\/09\/logo-tdfa-lineal-300x15.png 300w, https:\/\/tierradelfuegoaventura.com\/wp-content\/uploads\/2024\/09\/logo-tdfa-lineal-768x37.png 768w, https:\/\/tierradelfuegoaventura.com\/wp-content\/uploads\/2024\/09\/logo-tdfa-lineal-18x1.png 18w, https:\/\/tierradelfuegoaventura.com\/wp-content\/uploads\/2024\/09\/logo-tdfa-lineal-600x29.png 600w, https:\/\/tierradelfuegoaventura.com\/wp-content\/uploads\/2024\/09\/logo-tdfa-lineal.png 1194w\" sizes=\"(max-width: 800px) 100vw, 800px\" \/>\t\t\t\t\t\t\t\t\t\t\t\t\t\t\t<\/div>\n\t\t\t\t<\/div>\n\t\t\t\t<\/div>\n\t\t\t\t<\/div>\n\t\t\t\t<\/div>\n\t\t\t\t\t<\/div>\n\t\t\t\t<\/div>\n\t\t\t\t<\/div>","protected":false},"excerpt":{"rendered":"<p>\u00a1Est\u00e1s a un paso de algo incre\u00edble! Gracias por completar tu registro. En las pr\u00f3ximas horas, recibir\u00e1s un correo para validar tu cuenta y acceder a la plataforma, donde encontrar\u00e1s todas las herramientas que necesitas para potenciar tu negocio. \u00a1Tu pr\u00f3ximo gran paso est\u00e1 a punto de comenzar! Si necesitas asistencia, estamos a tu disposici\u00f3n [&hellip;]<\/p>\n","protected":false},"author":5,"featured_media":0,"parent":0,"menu_order":0,"comment_status":"closed","ping_status":"closed","template":"","meta":{"_jet_sm_ready_style":"","_jet_sm_style":"","_jet_sm_controls_values":"","_jet_sm_fonts_collection":"","_jet_sm_fonts_links":"","footnotes":""},"class_list":["post-5668","page","type-page","status-publish","hentry"],"_links":{"self":[{"href":"https:\/\/tierradelfuegoaventura.com\/en\/wp-json\/wp\/v2\/pages\/5668","targetHints":{"allow":["GET"]}}],"collection":[{"href":"https:\/\/tierradelfuegoaventura.com\/en\/wp-json\/wp\/v2\/pages"}],"about":[{"href":"https:\/\/tierradelfuegoaventura.com\/en\/wp-json\/wp\/v2\/types\/page"}],"author":[{"embeddable":true,"href":"https:\/\/tierradelfuegoaventura.com\/en\/wp-json\/wp\/v2\/users\/5"}],"replies":[{"embeddable":true,"href":"https:\/\/tierradelfuegoaventura.com\/en\/wp-json\/wp\/v2\/comments?post=5668"}],"version-history":[{"count":43,"href":"https:\/\/tierradelfuegoaventura.com\/en\/wp-json\/wp\/v2\/pages\/5668\/revisions"}],"predecessor-version":[{"id":9184,"href":"https:\/\/tierradelfuegoaventura.com\/en\/wp-json\/wp\/v2\/pages\/5668\/revisions\/9184"}],"wp:attachment":[{"href":"https:\/\/tierradelfuegoaventura.com\/en\/wp-json\/wp\/v2\/media?parent=5668"}],"curies":[{"name":"wp","href":"https:\/\/api.w.org\/{rel}","templated":true}]}}